{"id":5267,"date":"2023-03-30T22:49:53","date_gmt":"2023-03-31T01:49:53","guid":{"rendered":"https:\/\/nemesis13.com\/?post_type=product&#038;p=5267"},"modified":"2026-03-17T23:38:41","modified_gmt":"2026-03-18T02:38:41","slug":"black-swan","status":"publish","type":"product","link":"https:\/\/nemesis13.com\/?product=black-swan","title":{"rendered":"Black Swan"},"content":{"rendered":"<hr \/>\n<ul>\n<li>Bustier de tul bordado con recortes de micortul.<\/li>\n<li>Tazas bondeadas con aro entero.<\/li>\n<li>Breteles desmontables de cinta raso.<\/li>\n<li>Atadura en espalda por cord\u00f3n.<\/li>\n<\/ul>\n<hr \/>\n<ul>\n<li>Less Regulable.<\/li>\n<\/ul>\n<hr \/>\n<ul>\n<li>Tutu regulable.<\/li>\n<\/ul>\n<hr \/>\n<ul>\n<li>Chocker con puntilla.<\/li>\n<\/ul>\n<hr \/>\n<p><span style=\"color: #ff0000;\"><em>Tiempo de despacho de 5 a 15 d\u00edas h\u00e1biles.<\/em><\/span><\/p>\n<ul>\n<li style=\"list-style-type: none;\"><\/li>\n<\/ul>\n","protected":false},"excerpt":{"rendered":"<p>Bustier de tul bordado con recortes de micortul. Tazas bondeadas con aro entero. Breteles desmontables de cinta raso. Atadura en espalda por cord\u00f3n. Less Regulable. Tutu regulable. Chocker con puntilla. Tiempo de despacho de 5 a 15 d\u00edas h\u00e1biles.<\/p>\n","protected":false},"featured_media":5293,"template":"","meta":{"site-sidebar-layout":"default","site-content-layout":"default","ast-site-content-layout":"default","site-content-style":"default","site-sidebar-style":"default","ast-global-header-display":"","ast-banner-title-visibility":"","ast-main-header-display":"","ast-hfb-above-header-display":"","ast-hfb-below-header-display":"","ast-hfb-mobile-header-display":"","site-post-title":"","ast-breadcrumbs-content":"","ast-featured-img":"","footer-sml-layout":"","ast-disable-related-posts":"","theme-transparent-header-meta":"","adv-header-id-meta":"","stick-header-meta":"","header-above-stick-meta":"","header-main-stick-meta":"","header-below-stick-meta":"","astra-migrate-meta-layouts":"default","ast-page-background-enabled":"default","ast-page-background-meta":{"desktop":{"background-color":"","background-image":"","background-repeat":"repeat","background-position":"center center","background-size":"auto","background-attachment":"scroll","background-type":"","background-media":"","overlay-type":"","overlay-color":"","overlay-opacity":"","overlay-gradient":""},"tablet":{"background-color":"","background-image":"","background-repeat":"repeat","background-position":"center center","background-size":"auto","background-attachment":"scroll","background-type":"","background-media":"","overlay-type":"","overlay-color":"","overlay-opacity":"","overlay-gradient":""},"mobile":{"background-color":"","background-image":"","background-repeat":"repeat","background-position":"center center","background-size":"auto","background-attachment":"scroll","background-type":"","background-media":"","overlay-type":"","overlay-color":"","overlay-opacity":"","overlay-gradient":""}},"ast-content-background-meta":{"desktop":{"background-color":"var(--ast-global-color-5)","background-image":"","background-repeat":"repeat","background-position":"center center","background-size":"auto","background-attachment":"scroll","background-type":"","background-media":"","overlay-type":"","overlay-color":"","overlay-opacity":"","overlay-gradient":""},"tablet":{"background-color":"var(--ast-global-color-5)","background-image":"","background-repeat":"repeat","background-position":"center center","background-size":"auto","background-attachment":"scroll","background-type":"","background-media":"","overlay-type":"","overlay-color":"","overlay-opacity":"","overlay-gradient":""},"mobile":{"background-color":"var(--ast-global-color-5)","background-image":"","background-repeat":"repeat","background-position":"center center","background-size":"auto","background-attachment":"scroll","background-type":"","background-media":"","overlay-type":"","overlay-color":"","overlay-opacity":"","overlay-gradient":""}}},"product_brand":[],"product_cat":[15],"product_tag":[],"class_list":{"0":"post-5267","1":"product","2":"type-product","3":"status-publish","4":"has-post-thumbnail","6":"product_cat-conjuntos","7":"desktop-align-left","8":"tablet-align-left","9":"mobile-align-left","11":"first","12":"instock","13":"taxable","14":"shipping-taxable","15":"purchasable","16":"product-type-variable"},"_links":{"self":[{"href":"https:\/\/nemesis13.com\/index.php?rest_route=\/wp\/v2\/product\/5267","targetHints":{"allow":["GET"]}}],"collection":[{"href":"https:\/\/nemesis13.com\/index.php?rest_route=\/wp\/v2\/product"}],"about":[{"href":"https:\/\/nemesis13.com\/index.php?rest_route=\/wp\/v2\/types\/product"}],"version-history":[{"count":1,"href":"https:\/\/nemesis13.com\/index.php?rest_route=\/wp\/v2\/product\/5267\/revisions"}],"predecessor-version":[{"id":5274,"href":"https:\/\/nemesis13.com\/index.php?rest_route=\/wp\/v2\/product\/5267\/revisions\/5274"}],"wp:featuredmedia":[{"embeddable":true,"href":"https:\/\/nemesis13.com\/index.php?rest_route=\/wp\/v2\/media\/5293"}],"wp:attachment":[{"href":"https:\/\/nemesis13.com\/index.php?rest_route=%2Fwp%2Fv2%2Fmedia&parent=5267"}],"wp:term":[{"taxonomy":"product_brand","embeddable":true,"href":"https:\/\/nemesis13.com\/index.php?rest_route=%2Fwp%2Fv2%2Fproduct_brand&post=5267"},{"taxonomy":"product_cat","embeddable":true,"href":"https:\/\/nemesis13.com\/index.php?rest_route=%2Fwp%2Fv2%2Fproduct_cat&post=5267"},{"taxonomy":"product_tag","embeddable":true,"href":"https:\/\/nemesis13.com\/index.php?rest_route=%2Fwp%2Fv2%2Fproduct_tag&post=5267"}],"curies":[{"name":"wp","href":"https:\/\/api.w.org\/{rel}","templated":true}]}}